{"id":15,"date":"2018-01-05T08:06:26","date_gmt":"2018-01-05T08:06:26","guid":{"rendered":"http:\/\/ff-herzogsreut.de\/?page_id=15"},"modified":"2026-01-02T17:20:53","modified_gmt":"2026-01-02T17:20:53","slug":"termine-2018","status":"publish","type":"page","link":"http:\/\/ff-herzogsreut.de\/?page_id=15","title":{"rendered":"Termine 2026"},"content":{"rendered":"<h2 style=\"text-align: center;\"><span style=\"color: #ff0000;\"><strong>Unten findest du den \u00dcbungs &#8211; und Veranstaltungsplan f\u00fcr 2026 !!! <img decoding=\"async\" loading=\"lazy\" class=\"size-full wp-image-428 aligncenter\" src=\"http:\/\/ff-herzogsreut.de\/wp-content\/uploads\/2019\/01\/termine.foto_.jpg\" alt=\"\" width=\"845\" height=\"598\" srcset=\"http:\/\/ff-herzogsreut.de\/wp-content\/uploads\/2019\/01\/termine.foto_.jpg 845w, http:\/\/ff-herzogsreut.de\/wp-content\/uploads\/2019\/01\/termine.foto_-300x212.jpg 300w, http:\/\/ff-herzogsreut.de\/wp-content\/uploads\/2019\/01\/termine.foto_-768x544.jpg 768w\" sizes=\"(max-width: 767px) 89vw, (max-width: 1000px) 54vw, (max-width: 1071px) 543px, 580px\" \/><\/strong><\/span><\/h2>\n<h3><\/h3>\n<h3>Ab sofort verf\u00fcgbar als PDF Datei! Einfach auf unten stehenden Link klicken:<\/h3>\n<h2 style=\"text-align: center;\"><a href=\"http:\/\/ff-herzogsreut.de\/wp-content\/uploads\/2026\/01\/Uebungsplan2026.pdf\">\u00dcbungsplan2026<\/a><\/h2>\n<h3><\/h3>\n","protected":false},"excerpt":{"rendered":"<p>Unten findest du den \u00dcbungs &#8211; und Veranstaltungsplan f\u00fcr 2026 !!! Ab sofort verf\u00fcgbar als PDF Datei! Einfach auf unten stehenden Link klicken: \u00dcbungsplan2026<\/p>\n","protected":false},"author":1,"featured_media":0,"parent":0,"menu_order":0,"comment_status":"closed","ping_status":"closed","template":"","meta":[],"_links":{"self":[{"href":"http:\/\/ff-herzogsreut.de\/index.php?rest_route=\/wp\/v2\/pages\/15"}],"collection":[{"href":"http:\/\/ff-herzogsreut.de\/index.php?rest_route=\/wp\/v2\/pages"}],"about":[{"href":"http:\/\/ff-herzogsreut.de\/index.php?rest_route=\/wp\/v2\/types\/page"}],"author":[{"embeddable":true,"href":"http:\/\/ff-herzogsreut.de\/index.php?rest_route=\/wp\/v2\/users\/1"}],"replies":[{"embeddable":true,"href":"http:\/\/ff-herzogsreut.de\/index.php?rest_route=%2Fwp%2Fv2%2Fcomments&post=15"}],"version-history":[{"count":19,"href":"http:\/\/ff-herzogsreut.de\/index.php?rest_route=\/wp\/v2\/pages\/15\/revisions"}],"predecessor-version":[{"id":516,"href":"http:\/\/ff-herzogsreut.de\/index.php?rest_route=\/wp\/v2\/pages\/15\/revisions\/516"}],"wp:attachment":[{"href":"http:\/\/ff-herzogsreut.de\/index.php?rest_route=%2Fwp%2Fv2%2Fmedia&parent=15"}],"curies":[{"name":"wp","href":"https:\/\/api.w.org\/{rel}","templated":true}]}}