{"id":150,"date":"2018-02-04T15:47:06","date_gmt":"2018-02-04T15:47:06","guid":{"rendered":"http:\/\/ff-herzogsreut.de\/?page_id=150"},"modified":"2018-02-26T18:53:00","modified_gmt":"2018-02-26T18:53:00","slug":"aufgaben-unserer-feuerwehr","status":"publish","type":"page","link":"http:\/\/ff-herzogsreut.de\/?page_id=150","title":{"rendered":"Aufgaben unserer Feuerwehr"},"content":{"rendered":"<div class=\"ce_text block\">\n<p><img decoding=\"async\" loading=\"lazy\" class=\"aligncenter wp-image-317 size-large\" src=\"http:\/\/ff-herzogsreut.de\/wp-content\/uploads\/2018\/02\/lokal-sozial-ehrenamtlich-1024x488.jpg\" alt=\"\" width=\"525\" height=\"250\" srcset=\"http:\/\/ff-herzogsreut.de\/wp-content\/uploads\/2018\/02\/lokal-sozial-ehrenamtlich-1024x488.jpg 1024w, http:\/\/ff-herzogsreut.de\/wp-content\/uploads\/2018\/02\/lokal-sozial-ehrenamtlich-300x143.jpg 300w, http:\/\/ff-herzogsreut.de\/wp-content\/uploads\/2018\/02\/lokal-sozial-ehrenamtlich-768x366.jpg 768w, http:\/\/ff-herzogsreut.de\/wp-content\/uploads\/2018\/02\/lokal-sozial-ehrenamtlich.jpg 1558w\" sizes=\"(max-width: 525px) 100vw, 525px\" \/><\/p>\n<p>Die Aufgabe der Feuerwehr ist es bei Br\u00e4nden, Unf\u00e4llen, \u00dcberschwemmungen und \u00e4hnlichen Ereignissen Hilfe zu leisten.<\/p>\n<p>Menschen, Tiere und Sachwerte zu retten, zu sch\u00fctzen und zu bergen. Hauptaufgabe ist jedoch das Retten, das Priorit\u00e4t vor allen anderen Aufgaben hat.<\/p>\n<h1><span style=\"color: #ff0000;\"><strong><em>Retten, L\u00f6schen, Bergen, Sch\u00fctzen.<\/em><\/strong><\/span><\/h1>\n<\/div>\n<div class=\"ce_text last block\">\n<figure><img decoding=\"async\" loading=\"lazy\" class=\"alignright\" src=\"http:\/\/ff-herzogsreut.de\/wp-content\/uploads\/2018\/02\/DFVSymbol-300x300.jpg\" alt=\"\" width=\"300\" height=\"300\" \/><\/figure>\n<p><strong>Retten<\/strong><\/p>\n<p>Das Retten ist die Abwendung einer Lebensgefahr von Menschen durch Sofortma\u00dfnahmen (Erste Hilfe), die der Erhaltung oder Wiederherstellung von Atmung, Kreislauf oder Herzt\u00e4tigkeit dienen und\/oder Befreien aus einer Zwangslage durch technische Rettungsma\u00dfnahmen. T\u00e4tigkeitsfelder hierf\u00fcr sind z. B. Feuer, \u00dcberschwemmungen oder Verkehrsunf\u00e4lle.<\/p>\n<p><strong>L\u00f6schen<\/strong><\/p>\n<p>Das L\u00f6schen ist die \u00e4lteste Aufgabe der Feuerwehr. Bei diesem sogenannten &#8222;Abwehrenden Brandschutz&#8220; werden unterschiedlichste Br\u00e4nde mit Hilfe spezieller Ausr\u00fcstung bek\u00e4mpft.<\/p>\n<p>Im Laufe der Zeit ist jedoch die Zahl der Brandbek\u00e4mpfungen weltweit zur\u00fcckgegangen. Aufgrund der zunehmenden Aufgabenvielfalt der Feuerwehr nehmen die technischen Hilfeleistungen stark zu und die Feuerwehr entwickelt sich zur Hilfeleistungsorganisation.<\/p>\n<p><strong>Bergen<\/strong><\/p>\n<p>Die Feuerwehr kann weiterhin das Bergen von Sachg\u00fctern, toten Menschen oder Tieren \u00fcbernehmen.<\/p>\n<p><strong>Sch\u00fctzen<\/strong><\/p>\n<p>Vorbeugende Ma\u00dfnahmen (das Sch\u00fctzen) beinhalten im Wesentlichen Elemente des Vorbeugenden Brandschutzes. Diese dienen der Vermeidung von Entstehungsbr\u00e4nden, z. B. durch Brandsicherheitswachen bei \u00f6ffentlichen Veranstaltungen, oder konsequenter Brandschutzerziehung in der Bev\u00f6lkerung, um auf Gefahren aufmerksam zu machen und richtiges Verhalten in Notsituationen aufzuzeigen.<\/p>\n<p>Besonders in Industrienationen wird dem Betriebsbrandschutz immer mehr Augenmerk geschenkt, sei es durch eigene betriebliche oder auch durch \u00f6ffentliche Feuerwehren.<\/p>\n<p>Dar\u00fcber hinaus wird die Feuerwehr im Rahmen beh\u00f6rdlicher Baugenehmigungsverfahren gr\u00f6\u00dferer Bauvorhaben h\u00e4ufig hinzugezogen und um Stellungnahme gebeten. Weiterhin arbeitet die Feuerwehr in verschiedenen Fachgebieten bei der Erstellung von Standards mit.<\/p>\n<p>Au\u00dferdem betreibt die Feuerwehr aktiven Umweltschutz, etwa durch die Eind\u00e4mmung von \u00d6lunf\u00e4llen, Beseitigung von \u00d6lspuren auf Stra\u00dfen und Schutz vor chemischen, biologischen und atomaren Gefahren.<\/p>\n<\/div>\n","protected":false},"excerpt":{"rendered":"<p>Die Aufgabe der Feuerwehr ist es bei Br\u00e4nden, Unf\u00e4llen, \u00dcberschwemmungen und \u00e4hnlichen Ereignissen Hilfe zu leisten. Menschen, Tiere und Sachwerte zu retten, zu sch\u00fctzen und zu bergen. Hauptaufgabe ist jedoch das Retten, das Priorit\u00e4t vor allen anderen Aufgaben hat. Retten, L\u00f6schen, Bergen, Sch\u00fctzen. Retten Das Retten ist die Abwendung einer Lebensgefahr von Menschen durch Sofortma\u00dfnahmen &hellip; <\/p>\n<p class=\"link-more\"><a href=\"http:\/\/ff-herzogsreut.de\/?page_id=150\" class=\"more-link\"><span class=\"screen-reader-text\">\u201eAufgaben unserer Feuerwehr\u201c<\/span> weiterlesen<\/a><\/p>\n","protected":false},"author":1,"featured_media":0,"parent":94,"menu_order":0,"comment_status":"closed","ping_status":"closed","template":"","meta":[],"_links":{"self":[{"href":"http:\/\/ff-herzogsreut.de\/index.php?rest_route=\/wp\/v2\/pages\/150"}],"collection":[{"href":"http:\/\/ff-herzogsreut.de\/index.php?rest_route=\/wp\/v2\/pages"}],"about":[{"href":"http:\/\/ff-herzogsreut.de\/index.php?rest_route=\/wp\/v2\/types\/page"}],"author":[{"embeddable":true,"href":"http:\/\/ff-herzogsreut.de\/index.php?rest_route=\/wp\/v2\/users\/1"}],"replies":[{"embeddable":true,"href":"http:\/\/ff-herzogsreut.de\/index.php?rest_route=%2Fwp%2Fv2%2Fcomments&post=150"}],"version-history":[{"count":3,"href":"http:\/\/ff-herzogsreut.de\/index.php?rest_route=\/wp\/v2\/pages\/150\/revisions"}],"predecessor-version":[{"id":318,"href":"http:\/\/ff-herzogsreut.de\/index.php?rest_route=\/wp\/v2\/pages\/150\/revisions\/318"}],"up":[{"embeddable":true,"href":"http:\/\/ff-herzogsreut.de\/index.php?rest_route=\/wp\/v2\/pages\/94"}],"wp:attachment":[{"href":"http:\/\/ff-herzogsreut.de\/index.php?rest_route=%2Fwp%2Fv2%2Fmedia&parent=150"}],"curies":[{"name":"wp","href":"https:\/\/api.w.org\/{rel}","templated":true}]}}