{"id":104,"date":"2018-01-05T10:25:11","date_gmt":"2018-01-05T10:25:11","guid":{"rendered":"http:\/\/ff-herzogsreut.de\/?page_id=104"},"modified":"2025-06-07T08:56:46","modified_gmt":"2025-06-07T08:56:46","slug":"geschichte","status":"publish","type":"page","link":"https:\/\/ff-herzogsreut.de\/?page_id=104","title":{"rendered":"Geschichte"},"content":{"rendered":"<p style=\"text-align: center;\"><img decoding=\"async\" loading=\"lazy\" class=\"aligncenter size-full wp-image-430\" src=\"http:\/\/ff-herzogsreut.de\/wp-content\/uploads\/2019\/01\/vereinsgeschichte.jpg\" alt=\"\" width=\"450\" height=\"300\" srcset=\"https:\/\/ff-herzogsreut.de\/wp-content\/uploads\/2019\/01\/vereinsgeschichte.jpg 450w, https:\/\/ff-herzogsreut.de\/wp-content\/uploads\/2019\/01\/vereinsgeschichte-300x200.jpg 300w\" sizes=\"(max-width: 450px) 100vw, 450px\" \/><\/p>\n<p>Die Freiwillige Feuerwehr Herzogsreut wurde am 26. M\u00e4rz 1880 gegr\u00fcndet. Eine erste Fahne konnte im Jahr 1886 ge\u00adweiht werden, die Fahne befindet sich noch heute im Besitz der FF Herzogsreut. Die ehemalige Gemeinde Herzogsreut baute schon 1912 ein f\u00fcr die damalige Zeit moderne Wasserversorgung. Als eine der ersten Gemeinden im Umkreis konnte in Herzogsreut im Brandfall auf zw\u00f6lf Hyd\u00adranten zur\u00fcckgegriffen werden. 1940 erhielt die FF Herzogsreut eine Mo\u00adtorspritze, die in den f\u00fcnfziger Jahren des vergangenen Jahrhunderts durch eine Tragkraftspritze TS 8\/8 abgel\u00f6st wurde. Ein gebrauchtes Fahrzeug f\u00fchrte ebenfalls in den f\u00fcnfziger Jahren zu einer fr\u00fchen Motorisierung der Wehr, nach einem Un\u00adfallschaden ist das Fahrzeug durch einen Tragkraftspritzenanh\u00e4nger ersetzt wor\u00adden.<\/p>\n<p><img decoding=\"async\" loading=\"lazy\" id=\"17720468\" title=\"\" src=\"https:\/\/de-livepages.strato.com\/mediapool\/98\/988054\/resources\/17720468.jpg\" alt=\"\" width=\"250\" height=\"80\" border=\"0\" hspace=\"0\" data-fcksavedurl=\"\/mediapool\/98\/988054\/resources\/17720468.jpg\" \/><\/p>\n<p>Im Jahr 1979 beschaffte die Gemeinde Hinterschmiding ein Tragkraftspritzenfahr\u00adzeug auf Mercedes-Fahrgestell, 1985 folgte ein Heuwehrger\u00e4t. Die Gemeinde erwarb 2000 ein gebrauchtes Mehrzweck\u00adfahrzeug auf Ford-Transit-Fahrgestell.<\/p>\n<p>Heute verf\u00fcgt die FF Herzogsreut \u00fcber eine optimale Ausstattung: Ein im Herbst 2005 gekauftes TSF-W mit 750 Liter L\u00f6schwasserbeh\u00e4lter, Stromerzeuger und Atemschutzausr\u00fcstung . Das Tragkraftspritzenfahrzeug-Wasser war mit seinem vergr\u00f6\u00dferten L\u00f6sch &#8211; Wassertank das erste Fahrzeug dieses Typs in Nieder\u00adbayern.\u00a0 Ein im Jahr 2006 aus Mitteln des Feuerwehrvereins beschafftes Mehrzweckfahrzeug auf Ford-Fahrgestell stellen den Brandschutz in Herzogsreut sicher! 2018 beschaffte die Feuerwehr einen neuen Peugeot Boxer Mannschaftstransporter (MTW), dieser wurde bei der Fa. Furtner u. Ammer feuerwehrtechnisch ausgestattet.<\/p>\n<p>\u00dcber 35 motivierte Feuerwehrm\u00e4nner und -frauen bilden das R\u00fcckgrat der Wehr, welche von Kommandant Florian Moritz und seinem Stellvertreter Luca Wei\u00df geleitet wird. Der Feuerwehrverein mit momentan ca. 200 Mitgliedern wird gef\u00fchrt von Vorstand Christian Eller und 2. Vor\u00adstand Johann H\u00f6ppler.<\/p>\n<p>Einen H\u00f6hepunkt in der Geschichte der FF Herzogsreut bildete das vom 8. bis 10. Juli 2005 veranstaltete 125 j\u00e4hrige Gr\u00fcn\u00addungsfest. Fahnenmutter Lydia Lenz war es noch verg\u00f6nnt, ihr Ehrenamt bei die\u00adsem Jubil\u00e4um auszu\u00fcben. Im Fr\u00fchjahr 2007 verstarb die seit mehreren Jahrzehn\u00adten amtierende Fahnenmutter, ihre Toch\u00adter, Maria Lenz-Krumenacker, \u00fcbernahm das Amt der Fahnen\u00admutter. Durch famili\u00e4re Gr\u00fcnde musste Maria Lenz-Krumenacker das Amt leider aufgeben.<\/p>\n","protected":false},"excerpt":{"rendered":"<p>Die Freiwillige Feuerwehr Herzogsreut wurde am 26. M\u00e4rz 1880 gegr\u00fcndet. Eine erste Fahne konnte im Jahr 1886 ge\u00adweiht werden, die Fahne befindet sich noch heute im Besitz der FF Herzogsreut. Die ehemalige Gemeinde Herzogsreut baute schon 1912 ein f\u00fcr die damalige Zeit moderne Wasserversorgung. Als eine der ersten Gemeinden im Umkreis konnte in Herzogsreut im &hellip; <\/p>\n<p class=\"link-more\"><a href=\"https:\/\/ff-herzogsreut.de\/?page_id=104\" class=\"more-link\"><span class=\"screen-reader-text\">\u201eGeschichte\u201c<\/span> weiterlesen<\/a><\/p>\n","protected":false},"author":1,"featured_media":0,"parent":94,"menu_order":0,"comment_status":"closed","ping_status":"closed","template":"","meta":[],"_links":{"self":[{"href":"https:\/\/ff-herzogsreut.de\/index.php?rest_route=\/wp\/v2\/pages\/104"}],"collection":[{"href":"https:\/\/ff-herzogsreut.de\/index.php?rest_route=\/wp\/v2\/pages"}],"about":[{"href":"https:\/\/ff-herzogsreut.de\/index.php?rest_route=\/wp\/v2\/types\/page"}],"author":[{"embeddable":true,"href":"https:\/\/ff-herzogsreut.de\/index.php?rest_route=\/wp\/v2\/users\/1"}],"replies":[{"embeddable":true,"href":"https:\/\/ff-herzogsreut.de\/index.php?rest_route=%2Fwp%2Fv2%2Fcomments&post=104"}],"version-history":[{"count":7,"href":"https:\/\/ff-herzogsreut.de\/index.php?rest_route=\/wp\/v2\/pages\/104\/revisions"}],"predecessor-version":[{"id":510,"href":"https:\/\/ff-herzogsreut.de\/index.php?rest_route=\/wp\/v2\/pages\/104\/revisions\/510"}],"up":[{"embeddable":true,"href":"https:\/\/ff-herzogsreut.de\/index.php?rest_route=\/wp\/v2\/pages\/94"}],"wp:attachment":[{"href":"https:\/\/ff-herzogsreut.de\/index.php?rest_route=%2Fwp%2Fv2%2Fmedia&parent=104"}],"curies":[{"name":"wp","href":"https:\/\/api.w.org\/{rel}","templated":true}]}}